{"id":2308,"date":"2019-09-13T10:08:36","date_gmt":"2019-09-13T10:08:36","guid":{"rendered":"https:\/\/wp.xpeedstudio.com\/medizco\/home-5\/?page_id=2308"},"modified":"2025-03-17T13:53:46","modified_gmt":"2025-03-17T10:53:46","slug":"treatments-2","status":"publish","type":"page","link":"https:\/\/mustafaceliktas.com\/en\/treatments-2\/","title":{"rendered":"Tedavi Alanalar\u0131"},"content":{"rendered":"<div data-elementor-type=\"wp-page\" data-elementor-id=\"2308\" class=\"elementor elementor-2308\">\n\t\t\t\t<div class=\"elementor-element elementor-element-64bafd72 e-flex e-con-boxed e-con e-parent\" data-id=\"64bafd72\" data-element_type=\"container\" data-settings=\"{&quot;background_background&quot;:&quot;classic&quot;}\">\n\t\t\t\t\t<div class=\"e-con-inner\">\n\t\t<div class=\"elementor-element elementor-element-2e35a564 e-con-full e-flex e-con e-child\" data-id=\"2e35a564\" data-element_type=\"container\">\n\t\t\t\t<div class=\"elementor-element elementor-element-2da74ab4 elementor-widget__width-initial elementor-widget-mobile__width-inherit elementor-widget elementor-widget-elementskit-image-box\" data-id=\"2da74ab4\" data-element_type=\"widget\" data-widget_type=\"elementskit-image-box.default\">\n\t\t\t\t<div class=\"elementor-widget-container\">\n\t\t\t\t\t<div class=\"ekit-wid-con\" >\n            <div class=\"elementskit-info-image-box ekit-image-box text-center floating-style\" >\n\n                <a href=\"https:\/\/mustafaceliktas.com\/en\/treatments\/scoliosis-treatment\/\">\n                <div class=\"elementskit-box-header image-box-img-center\">\n\n                    <img fetchpriority=\"high\" decoding=\"async\" width=\"1000\" height=\"1000\" src=\"https:\/\/mustafaceliktas.com\/wp-content\/uploads\/2025\/03\/Adsiz-tasarim-8-min.jpg\" class=\"attachment-full size-full wp-image-6207\" alt=\"\" srcset=\"https:\/\/mustafaceliktas.com\/wp-content\/uploads\/2025\/03\/Adsiz-tasarim-8-min.jpg 1000w, https:\/\/mustafaceliktas.com\/wp-content\/uploads\/2025\/03\/Adsiz-tasarim-8-min-300x300.jpg 300w, https:\/\/mustafaceliktas.com\/wp-content\/uploads\/2025\/03\/Adsiz-tasarim-8-min-150x150.jpg 150w, https:\/\/mustafaceliktas.com\/wp-content\/uploads\/2025\/03\/Adsiz-tasarim-8-min-768x768.jpg 768w\" sizes=\"(max-width: 1000px) 100vw, 1000px\" \/>\n                <\/div>\n                <\/a>\n                <div class=\"elementskit-box-body ekit-image-box-body\">\n                    <div class=\"elementskit-box-content ekit-image-box-body-inner\">\n                                                <h3 class=\"elementskit-info-box-title\">\n\n                        \n                            <i aria-hidden=\"true\" class=\"icon icon-medicine-1\"><\/i>\n                        Scoliosis Treatment\n                        \n                    <\/h3>\n                                                        <\/div>\n\n                            <\/div>\n            <\/div>\n    <\/div>\t\t\t\t<\/div>\n\t\t\t\t<\/div>\n\t\t\t\t<div class=\"elementor-element elementor-element-6b529f18 elementor-widget__width-initial elementor-widget-mobile__width-inherit elementor-widget elementor-widget-elementskit-image-box\" data-id=\"6b529f18\" data-element_type=\"widget\" data-widget_type=\"elementskit-image-box.default\">\n\t\t\t\t<div class=\"elementor-widget-container\">\n\t\t\t\t\t<div class=\"ekit-wid-con\" >\n            <div class=\"elementskit-info-image-box ekit-image-box text-center floating-style\" >\n\n                <a href=\"https:\/\/mustafaceliktas.com\/en\/treatments\/kyphosis-hunchback-treatment\/\">\n                <div class=\"elementskit-box-header image-box-img-center\">\n\n                    <img decoding=\"async\" width=\"500\" height=\"500\" src=\"https:\/\/mustafaceliktas.com\/wp-content\/uploads\/2025\/03\/Adsiz-tasarim-9.jpg\" class=\"attachment-full size-full wp-image-6208\" alt=\"\" srcset=\"https:\/\/mustafaceliktas.com\/wp-content\/uploads\/2025\/03\/Adsiz-tasarim-9.jpg 500w, https:\/\/mustafaceliktas.com\/wp-content\/uploads\/2025\/03\/Adsiz-tasarim-9-300x300.jpg 300w, https:\/\/mustafaceliktas.com\/wp-content\/uploads\/2025\/03\/Adsiz-tasarim-9-150x150.jpg 150w\" sizes=\"(max-width: 500px) 100vw, 500px\" \/>\n                <\/div>\n                <\/a>\n                <div class=\"elementskit-box-body ekit-image-box-body\">\n                    <div class=\"elementskit-box-content ekit-image-box-body-inner\">\n                                                <h3 class=\"elementskit-info-box-title\">\n\n                        \n                            <i aria-hidden=\"true\" class=\"icon icon-medicine-1\"><\/i>\n                        Kyphosis (Hunchback) Treatment\n                        \n                    <\/h3>\n                                                        <\/div>\n\n                            <\/div>\n            <\/div>\n    <\/div>\t\t\t\t<\/div>\n\t\t\t\t<\/div>\n\t\t\t\t<div class=\"elementor-element elementor-element-33d7b900 elementor-widget__width-initial elementor-widget-mobile__width-inherit elementor-widget elementor-widget-elementskit-image-box\" data-id=\"33d7b900\" data-element_type=\"widget\" data-widget_type=\"elementskit-image-box.default\">\n\t\t\t\t<div class=\"elementor-widget-container\">\n\t\t\t\t\t<div class=\"ekit-wid-con\" >\n            <div class=\"elementskit-info-image-box ekit-image-box text-center floating-style\" >\n\n                <a href=\"https:\/\/mustafaceliktas.com\/en\/treatments\/narrow-spinal-canal-stenosis-treatment\/\">\n                <div class=\"elementskit-box-header image-box-img-center\">\n\n                    <img decoding=\"async\" width=\"1000\" height=\"1000\" src=\"https:\/\/mustafaceliktas.com\/wp-content\/uploads\/2025\/03\/Adsiz-tasarim-10-min.jpg\" class=\"attachment-full size-full wp-image-6209\" alt=\"\" srcset=\"https:\/\/mustafaceliktas.com\/wp-content\/uploads\/2025\/03\/Adsiz-tasarim-10-min.jpg 1000w, https:\/\/mustafaceliktas.com\/wp-content\/uploads\/2025\/03\/Adsiz-tasarim-10-min-300x300.jpg 300w, https:\/\/mustafaceliktas.com\/wp-content\/uploads\/2025\/03\/Adsiz-tasarim-10-min-150x150.jpg 150w, https:\/\/mustafaceliktas.com\/wp-content\/uploads\/2025\/03\/Adsiz-tasarim-10-min-768x768.jpg 768w\" sizes=\"(max-width: 1000px) 100vw, 1000px\" \/>\n                <\/div>\n                <\/a>\n                <div class=\"elementskit-box-body ekit-image-box-body\">\n                    <div class=\"elementskit-box-content ekit-image-box-body-inner\">\n                                                <h3 class=\"elementskit-info-box-title\">\n\n                        \n                            <i aria-hidden=\"true\" class=\"icon icon-medicine-1\"><\/i>\n                        Treating Spinal Stenosis\n                        \n                    <\/h3>\n                                                        <\/div>\n\n                            <\/div>\n            <\/div>\n    <\/div>\t\t\t\t<\/div>\n\t\t\t\t<\/div>\n\t\t\t\t<div class=\"elementor-element elementor-element-5f4b5322 elementor-widget__width-initial elementor-widget-mobile__width-inherit elementor-widget elementor-widget-elementskit-image-box\" data-id=\"5f4b5322\" data-element_type=\"widget\" data-widget_type=\"elementskit-image-box.default\">\n\t\t\t\t<div class=\"elementor-widget-container\">\n\t\t\t\t\t<div class=\"ekit-wid-con\" >\n            <div class=\"elementskit-info-image-box ekit-image-box text-center floating-style\" >\n\n                <a href=\"https:\/\/mustafaceliktas.com\/en\/treatments\/height-shortness-and-height-extension-surgery\/\">\n                <div class=\"elementskit-box-header image-box-img-center\">\n\n                    <img loading=\"lazy\" decoding=\"async\" width=\"500\" height=\"500\" src=\"https:\/\/mustafaceliktas.com\/wp-content\/uploads\/2025\/03\/Adsiz-tasarim-11.jpg\" class=\"attachment-full size-full wp-image-6210\" alt=\"\" srcset=\"https:\/\/mustafaceliktas.com\/wp-content\/uploads\/2025\/03\/Adsiz-tasarim-11.jpg 500w, https:\/\/mustafaceliktas.com\/wp-content\/uploads\/2025\/03\/Adsiz-tasarim-11-300x300.jpg 300w, https:\/\/mustafaceliktas.com\/wp-content\/uploads\/2025\/03\/Adsiz-tasarim-11-150x150.jpg 150w\" sizes=\"(max-width: 500px) 100vw, 500px\" \/>\n                <\/div>\n                <\/a>\n                <div class=\"elementskit-box-body ekit-image-box-body\">\n                    <div class=\"elementskit-box-content ekit-image-box-body-inner\">\n                                                <h3 class=\"elementskit-info-box-title\">\n\n                        \n                            <i aria-hidden=\"true\" class=\"icon icon-medicine-1\"><\/i>\n                        Short Stature and Height Increase Surgery\n                        \n                    <\/h3>\n                                                        <\/div>\n\n                            <\/div>\n            <\/div>\n    <\/div>\t\t\t\t<\/div>\n\t\t\t\t<\/div>\n\t\t\t\t<\/div>\n\t\t<div class=\"elementor-element elementor-element-ebd2620 e-con-full e-flex e-con e-child\" data-id=\"ebd2620\" data-element_type=\"container\">\n\t\t\t\t<div class=\"elementor-element elementor-element-165fdc0f elementor-widget__width-initial elementor-widget-mobile__width-inherit elementor-widget elementor-widget-elementskit-image-box\" data-id=\"165fdc0f\" data-element_type=\"widget\" data-widget_type=\"elementskit-image-box.default\">\n\t\t\t\t<div class=\"elementor-widget-container\">\n\t\t\t\t\t<div class=\"ekit-wid-con\" >\n            <div class=\"elementskit-info-image-box ekit-image-box text-center floating-style\" >\n\n                <a href=\"https:\/\/mustafaceliktas.com\/en\/treatments\/kol-bacak-kisaligi-tedavisi\/\">\n                <div class=\"elementskit-box-header image-box-img-center\">\n\n                    <img loading=\"lazy\" decoding=\"async\" width=\"500\" height=\"500\" src=\"https:\/\/mustafaceliktas.com\/wp-content\/uploads\/2025\/03\/Adsiz-tasarim-12.jpg\" class=\"attachment-full size-full wp-image-6211\" alt=\"\" srcset=\"https:\/\/mustafaceliktas.com\/wp-content\/uploads\/2025\/03\/Adsiz-tasarim-12.jpg 500w, https:\/\/mustafaceliktas.com\/wp-content\/uploads\/2025\/03\/Adsiz-tasarim-12-300x300.jpg 300w, https:\/\/mustafaceliktas.com\/wp-content\/uploads\/2025\/03\/Adsiz-tasarim-12-150x150.jpg 150w\" sizes=\"(max-width: 500px) 100vw, 500px\" \/>\n                <\/div>\n                <\/a>\n                <div class=\"elementskit-box-body ekit-image-box-body\">\n                    <div class=\"elementskit-box-content ekit-image-box-body-inner\">\n                                                <h3 class=\"elementskit-info-box-title\">\n\n                        \n                            <i aria-hidden=\"true\" class=\"icon icon-medicine-1\"><\/i>\n                        Treatment for Short Legs\n                        \n                    <\/h3>\n                                                        <\/div>\n\n                            <\/div>\n            <\/div>\n    <\/div>\t\t\t\t<\/div>\n\t\t\t\t<\/div>\n\t\t\t\t<div class=\"elementor-element elementor-element-25bfe922 elementor-widget__width-initial elementor-widget-mobile__width-inherit elementor-widget elementor-widget-elementskit-image-box\" data-id=\"25bfe922\" data-element_type=\"widget\" data-widget_type=\"elementskit-image-box.default\">\n\t\t\t\t<div class=\"elementor-widget-container\">\n\t\t\t\t\t<div class=\"ekit-wid-con\" >\n            <div class=\"elementskit-info-image-box ekit-image-box text-center floating-style\" >\n\n                <a href=\"https:\/\/mustafaceliktas.com\/en\/treatments\/arm-leg-deformities-treatment\/\">\n                <div class=\"elementskit-box-header image-box-img-center\">\n\n                    <img loading=\"lazy\" decoding=\"async\" width=\"500\" height=\"500\" src=\"https:\/\/mustafaceliktas.com\/wp-content\/uploads\/2025\/03\/Adsiz-tasarim-13.jpg\" class=\"attachment-full size-full wp-image-6212\" alt=\"\" srcset=\"https:\/\/mustafaceliktas.com\/wp-content\/uploads\/2025\/03\/Adsiz-tasarim-13.jpg 500w, https:\/\/mustafaceliktas.com\/wp-content\/uploads\/2025\/03\/Adsiz-tasarim-13-300x300.jpg 300w, https:\/\/mustafaceliktas.com\/wp-content\/uploads\/2025\/03\/Adsiz-tasarim-13-150x150.jpg 150w\" sizes=\"(max-width: 500px) 100vw, 500px\" \/>\n                <\/div>\n                <\/a>\n                <div class=\"elementskit-box-body ekit-image-box-body\">\n                    <div class=\"elementskit-box-content ekit-image-box-body-inner\">\n                                                <h3 class=\"elementskit-info-box-title\">\n\n                        \n                            <i aria-hidden=\"true\" class=\"icon icon-medicine-1\"><\/i>\n                        Treatment of Arm and Leg Deformities\n                        \n                    <\/h3>\n                                                        <\/div>\n\n                            <\/div>\n            <\/div>\n    <\/div>\t\t\t\t<\/div>\n\t\t\t\t<\/div>\n\t\t\t\t<div class=\"elementor-element elementor-element-5beafcfe elementor-widget__width-initial elementor-widget-mobile__width-inherit elementor-widget elementor-widget-elementskit-image-box\" data-id=\"5beafcfe\" data-element_type=\"widget\" data-widget_type=\"elementskit-image-box.default\">\n\t\t\t\t<div class=\"elementor-widget-container\">\n\t\t\t\t\t<div class=\"ekit-wid-con\" >\n            <div class=\"elementskit-info-image-box ekit-image-box text-center floating-style\" >\n\n                <a href=\"https:\/\/mustafaceliktas.com\/en\/treatments\/calcification-osteoarthritis-treatment\/\">\n                <div class=\"elementskit-box-header image-box-img-center\">\n\n                    <img loading=\"lazy\" decoding=\"async\" width=\"1000\" height=\"1000\" src=\"https:\/\/mustafaceliktas.com\/wp-content\/uploads\/2025\/03\/Adsiz-tasarim-14-min.jpg\" class=\"attachment-full size-full wp-image-6213\" alt=\"\" srcset=\"https:\/\/mustafaceliktas.com\/wp-content\/uploads\/2025\/03\/Adsiz-tasarim-14-min.jpg 1000w, https:\/\/mustafaceliktas.com\/wp-content\/uploads\/2025\/03\/Adsiz-tasarim-14-min-300x300.jpg 300w, https:\/\/mustafaceliktas.com\/wp-content\/uploads\/2025\/03\/Adsiz-tasarim-14-min-150x150.jpg 150w, https:\/\/mustafaceliktas.com\/wp-content\/uploads\/2025\/03\/Adsiz-tasarim-14-min-768x768.jpg 768w\" sizes=\"(max-width: 1000px) 100vw, 1000px\" \/>\n                <\/div>\n                <\/a>\n                <div class=\"elementskit-box-body ekit-image-box-body\">\n                    <div class=\"elementskit-box-content ekit-image-box-body-inner\">\n                                                <h3 class=\"elementskit-info-box-title\">\n\n                        \n                            <i aria-hidden=\"true\" class=\"icon icon-medicine-1\"><\/i>\n                        Treatment of Osteoarthritis\n                        \n                    <\/h3>\n                                                        <\/div>\n\n                            <\/div>\n            <\/div>\n    <\/div>\t\t\t\t<\/div>\n\t\t\t\t<\/div>\n\t\t\t\t<div class=\"elementor-element elementor-element-474f1a9b elementor-widget__width-initial elementor-widget-mobile__width-inherit elementor-widget elementor-widget-elementskit-image-box\" data-id=\"474f1a9b\" data-element_type=\"widget\" data-widget_type=\"elementskit-image-box.default\">\n\t\t\t\t<div class=\"elementor-widget-container\">\n\t\t\t\t\t<div class=\"ekit-wid-con\" >\n            <div class=\"elementskit-info-image-box ekit-image-box text-center floating-style\" >\n\n                <a href=\"https:\/\/mustafaceliktas.com\/en\/treatments\/treatment-for-non-union-pseudoarthrosis\/\">\n                <div class=\"elementskit-box-header image-box-img-center\">\n\n                    <img loading=\"lazy\" decoding=\"async\" width=\"500\" height=\"500\" src=\"https:\/\/mustafaceliktas.com\/wp-content\/uploads\/2025\/03\/Adsiz-tasarim-15.jpg\" class=\"attachment-full size-full wp-image-6214\" alt=\"\" srcset=\"https:\/\/mustafaceliktas.com\/wp-content\/uploads\/2025\/03\/Adsiz-tasarim-15.jpg 500w, https:\/\/mustafaceliktas.com\/wp-content\/uploads\/2025\/03\/Adsiz-tasarim-15-300x300.jpg 300w, https:\/\/mustafaceliktas.com\/wp-content\/uploads\/2025\/03\/Adsiz-tasarim-15-150x150.jpg 150w\" sizes=\"(max-width: 500px) 100vw, 500px\" \/>\n                <\/div>\n                <\/a>\n                <div class=\"elementskit-box-body ekit-image-box-body\">\n                    <div class=\"elementskit-box-content ekit-image-box-body-inner\">\n                                                <h3 class=\"elementskit-info-box-title\">\n\n                        \n                            <i aria-hidden=\"true\" class=\"icon icon-medicine-1\"><\/i>\n                        Non-Union Fracture Treatment\n                        \n                    <\/h3>\n                                                        <\/div>\n\n                            <\/div>\n            <\/div>\n    <\/div>\t\t\t\t<\/div>\n\t\t\t\t<\/div>\n\t\t\t\t<\/div>\n\t\t\t\t\t<\/div>\n\t\t\t\t<\/div>\n\t\t\t\t<\/div>","protected":false},"excerpt":{"rendered":"<p>Skolyoz Tedavisi Kifoz (Kamburluk) Tedavisi Dar Kanal (Spinal Stenoz) Tedavisi Boy K\u0131sal\u0131\u011f\u0131 ve Boy Uzatma Cerrahisi Kol Bacak K\u0131sal\u0131\u011f\u0131 Tedavisi Kol Bacak Deformiteleri Tedavisi Kire\u00e7lenme (Osteoartrit) Tedavisi Kaynamayan K\u0131r\u0131k Tedavisi<\/p>","protected":false},"author":1,"featured_media":0,"parent":0,"menu_order":6,"comment_status":"closed","ping_status":"closed","template":"template\/template-page.php","meta":{"footnotes":""},"class_list":["post-2308","page","type-page","status-publish","hentry"],"_links":{"self":[{"href":"https:\/\/mustafaceliktas.com\/en\/wp-json\/wp\/v2\/pages\/2308","targetHints":{"allow":["GET"]}}],"collection":[{"href":"https:\/\/mustafaceliktas.com\/en\/wp-json\/wp\/v2\/pages"}],"about":[{"href":"https:\/\/mustafaceliktas.com\/en\/wp-json\/wp\/v2\/types\/page"}],"author":[{"embeddable":true,"href":"https:\/\/mustafaceliktas.com\/en\/wp-json\/wp\/v2\/users\/1"}],"replies":[{"embeddable":true,"href":"https:\/\/mustafaceliktas.com\/en\/wp-json\/wp\/v2\/comments?post=2308"}],"version-history":[{"count":0,"href":"https:\/\/mustafaceliktas.com\/en\/wp-json\/wp\/v2\/pages\/2308\/revisions"}],"wp:attachment":[{"href":"https:\/\/mustafaceliktas.com\/en\/wp-json\/wp\/v2\/media?parent=2308"}],"curies":[{"name":"wp","href":"https:\/\/api.w.org\/{rel}","templated":true}]}}