{"id":1155,"date":"2019-09-02T08:07:31","date_gmt":"2019-09-02T08:07:31","guid":{"rendered":"https:\/\/wp.xpeedstudio.com\/medizco\/home-5\/?page_id=1155"},"modified":"2025-04-07T14:27:29","modified_gmt":"2025-04-07T11:27:29","slug":"professor-dr-mustafa-celiktas","status":"publish","type":"page","link":"https:\/\/mustafaceliktas.com\/en\/professor-dr-mustafa-celiktas\/","title":{"rendered":"Prof. Dr. Mustafa \u00c7elikta\u015f"},"content":{"rendered":"<div data-elementor-type=\"wp-post\" data-elementor-id=\"1155\" class=\"elementor elementor-1155\">\n\t\t\t\t<div class=\"elementor-element elementor-element-0c3495f e-flex e-con-boxed e-con e-parent\" data-id=\"0c3495f\" data-element_type=\"container\">\n\t\t\t\t\t<div class=\"e-con-inner\">\n\t\t\t\t<div class=\"elementor-element elementor-element-dc4b6e4 elementor-widget elementor-widget-image\" data-id=\"dc4b6e4\" data-element_type=\"widget\" data-widget_type=\"image.default\">\n\t\t\t\t<div class=\"elementor-widget-container\">\n\t\t\t\t\t\t\t\t\t\t\t\t\t\t\t<img fetchpriority=\"high\" decoding=\"async\" width=\"400\" height=\"400\" src=\"https:\/\/mustafaceliktas.com\/wp-content\/uploads\/2025\/03\/mustafa_celiktas-2.png\" class=\"attachment-full size-full wp-image-6367\" alt=\"\" srcset=\"https:\/\/mustafaceliktas.com\/wp-content\/uploads\/2025\/03\/mustafa_celiktas-2.png 400w, https:\/\/mustafaceliktas.com\/wp-content\/uploads\/2025\/03\/mustafa_celiktas-2-300x300.png 300w, https:\/\/mustafaceliktas.com\/wp-content\/uploads\/2025\/03\/mustafa_celiktas-2-150x150.png 150w\" sizes=\"(max-width: 400px) 100vw, 400px\" \/>\t\t\t\t\t\t\t\t\t\t\t\t\t\t\t<\/div>\n\t\t\t\t<\/div>\n\t\t\t\t<div class=\"elementor-element elementor-element-ba8c6b9 elementor-widget elementor-widget-heading\" data-id=\"ba8c6b9\" data-element_type=\"widget\" data-widget_type=\"heading.default\">\n\t\t\t\t<div class=\"elementor-widget-container\">\n\t\t\t\t\t<h2 class=\"elementor-heading-title elementor-size-default\">Prof. Dr. Mustafa \u00c7elikta\u015f<br>\nOrthopedic and Traumatology Specialist<\/h2>\t\t\t\t<\/div>\n\t\t\t\t<\/div>\n\t\t\t\t<div class=\"elementor-element elementor-element-d48bd97 short_desc elementor-widget elementor-widget-text-editor\" data-id=\"d48bd97\" data-element_type=\"widget\" data-widget_type=\"text-editor.default\">\n\t\t\t\t<div class=\"elementor-widget-container\">\n\t\t\t\t\t\t\t\t\t<p class=\"\" data-start=\"82\" data-end=\"365\">Prof. Dr. \u00c7elikta\u015f was born in Adana. After completing his primary and secondary education, he graduated from Sabanc\u0131 Textile Vocational High School. He then graduated from \u00c7ukurova University Faculty of Medicine and completed his residency in Orthopedics and Traumatology at the same university.<\/p><p class=\"\" data-start=\"367\" data-end=\"583\">He completed his mandatory service in Diyarbak\u0131r. He began working at the Private Orthopedics Hospital in 2010. During this time, in addition to providing medical services, he also prepared scientific publications required for academic advancement.<\/p><p class=\"\" data-start=\"585\" data-end=\"1035\">In 2012, he received the Orthopedics Proficiency Exam Certificate of Achievement from the Turkish Orthopedics and Traumatology Association (TOTB\u0130D), of which he is a member. In 2014, he successfully passed written and oral exams and was awarded the title of Associate Professor of Orthopedics and Traumatology. In the same year, he passed the European Orthopedics and Traumatology Qualification Exam in Vienna, Austria, and earned the title of FEBOT (Fellow of the European Board of Orthopedics and Traumatology).<\/p><p class=\"\" data-start=\"1037\" data-end=\"1148\">In 2019, he was awarded the title of Professor at the Department of Orthopedics and Traumatology at \u0130stinye University (Istanbul).<\/p><p class=\"\" data-start=\"1150\" data-end=\"1504\">Prof. Dr. \u00c7elikta\u015f has been actively involved in various associations throughout his professional career. The associations he is a member of include TOTB\u0130D (Turkish Orthopaedics and Traumatology Association), Turkish ASAM\u0130 (Extremity Lengthening and Reconstruction Association), TOD (Turkish Spine Association), Eurospine, AOSpine, and TOTEK (Turkish Orthopaedics and Traumatology Education Council).<\/p><p class=\"\" data-start=\"1506\" data-end=\"1867\">He has worked and participated in surgeries at the National Spine Center abroad with an AO Spine scholarship in the field of spinal surgery. He served on the board of directors of the Turkish ASAMI Association from 2019 to 2021 and as its secretary general from 2023 to 2025. Since 2025, he has been the chairman of the association's board of directors.<\/p><p class=\"\" data-start=\"1869\" data-end=\"2116\">Prof. Dr. \u00c7elikta\u015f's special areas of interest include spinal disorders (scoliosis, kyphosis, problems associated with aging spine) and deformity surgery (limb lengthening, leg length discrepancies, leg deformities, treatment of non-union fractures).<\/p>\t\t\t\t\t\t\t\t<\/div>\n\t\t\t\t<\/div>\n\t\t\t\t\t<\/div>\n\t\t\t\t<\/div>\n\t\t<div class=\"elementor-element elementor-element-11b2a56b e-flex e-con-boxed e-con e-parent\" data-id=\"11b2a56b\" data-element_type=\"container\" id=\"xs_cta_style_2\" data-settings=\"{&quot;background_background&quot;:&quot;classic&quot;}\">\n\t\t\t\t\t<div class=\"e-con-inner\">\n\t\t<div class=\"elementor-element elementor-element-36904799 e-con-full e-flex e-con e-child\" data-id=\"36904799\" data-element_type=\"container\">\n\t\t\t\t<div class=\"elementor-element elementor-element-6106d607 elementor-widget elementor-widget-elementskit-heading\" data-id=\"6106d607\" data-element_type=\"widget\" data-widget_type=\"elementskit-heading.default\">\n\t\t\t\t<div class=\"elementor-widget-container\">\n\t\t\t\t\t<div class=\"ekit-wid-con\" ><div class=\"ekit-heading elementskit-section-title-wraper text_left   ekit_heading_tablet-   ekit_heading_mobile-text_center\"><h3 class=\"elementskit-section-subtitle\">\n\t\t\t\t\t\tProf. Dr. Mustafa \u00c7elikta\u015f\n\t\t\t\t\t<\/h3><h2 class=\"ekit-heading--title elementskit-section-title\">Contact Us Now for Information and Appointments!<\/h2><\/div><\/div>\t\t\t\t<\/div>\n\t\t\t\t<\/div>\n\t\t\t\t<\/div>\n\t\t<div class=\"elementor-element elementor-element-278fb5f0 e-con-full e-flex e-con e-child\" data-id=\"278fb5f0\" data-element_type=\"container\">\n\t\t\t\t<div class=\"elementor-element elementor-element-11b28682 elementor-align--mobilecenter elementor-align-center elementor-widget elementor-widget-elementskit-button\" data-id=\"11b28682\" data-element_type=\"widget\" data-widget_type=\"elementskit-button.default\">\n\t\t\t\t<div class=\"elementor-widget-container\">\n\t\t\t\t\t<div class=\"ekit-wid-con\" >\t\t<div class=\"ekit-btn-wraper\">\n\t\t\t\t\t\t\t<a href=\"tel:05313780990\" class=\"elementskit-btn  whitespace--normal\" id=\"\">\n\t\t\t\t\t<i class=\"icon icon-phone-call\"><\/i>Schedule an Appointment!\t\t\t\t<\/a>\n\t\t\t\t\t<\/div>\n        <\/div>\t\t\t\t<\/div>\n\t\t\t\t<\/div>\n\t\t\t\t<\/div>\n\t\t\t\t\t<\/div>\n\t\t\t\t<\/div>\n\t\t<div class=\"elementor-element elementor-element-4d59676f e-flex e-con-boxed e-con e-parent\" data-id=\"4d59676f\" data-element_type=\"container\" data-settings=\"{&quot;background_background&quot;:&quot;classic&quot;}\">\n\t\t\t\t\t<div class=\"e-con-inner\">\n\t\t\t\t<div class=\"elementor-element elementor-element-57264d58 elementor-widget__width-initial elementor-widget elementor-widget-elementskit-heading\" data-id=\"57264d58\" data-element_type=\"widget\" data-widget_type=\"elementskit-heading.default\">\n\t\t\t\t<div class=\"elementor-widget-container\">\n\t\t\t\t\t<div class=\"ekit-wid-con\" ><div class=\"ekit-heading elementskit-section-title-wraper text_center   ekit_heading_tablet-   ekit_heading_mobile-text_left\"><h3 class=\"elementskit-section-subtitle\">\n\t\t\t\t\t\tProf. Dr. Mustafa \u00c7elikta\u015f\n\t\t\t\t\t<\/h3><h2 class=\"ekit-heading--title elementskit-section-title\">Treatments<\/h2>\t\t\t\t<div class='ekit-heading__description'>\n\t\t\t\t\t<div class=\"flex max-w-full flex-col flex-grow\">\n<div class=\"min-h-8 text-message relative flex w-full flex-col items-end gap-2 whitespace-normal break-words text-start [.text-message+&amp;]:mt-5\">\n<div class=\"flex w-full flex-col gap-1 empty:hidden first:pt-[3px]\">\n<div class=\"markdown prose w-full break-words dark:prose-invert light\">\n<p>We offer modern treatment methods for orthopedic conditions such as spinal disorders, joint problems, and non-union fractures. Our team of specialists is here to help you regain your health.<\/p>\n<\/div>\n<\/div>\n<\/div>\n<\/div>\n\t\t\t\t<\/div>\n\t\t\t<\/div><\/div>\t\t\t\t<\/div>\n\t\t\t\t<\/div>\n\t\t<div class=\"elementor-element elementor-element-1e03c31a e-con-full e-flex e-con e-child\" data-id=\"1e03c31a\" data-element_type=\"container\">\n\t\t\t\t<div class=\"elementor-element elementor-element-1512c087 elementor-widget__width-initial elementor-widget-mobile__width-inherit elementor-widget elementor-widget-elementskit-image-box\" data-id=\"1512c087\" data-element_type=\"widget\" data-widget_type=\"elementskit-image-box.default\">\n\t\t\t\t<div class=\"elementor-widget-container\">\n\t\t\t\t\t<div class=\"ekit-wid-con\" >\n            <div class=\"elementskit-info-image-box ekit-image-box text-center floating-style\" >\n\n                <a href=\"https:\/\/mustafaceliktas.com\/en\/treatments\/scoliosis-treatment\/\">\n                <div class=\"elementskit-box-header image-box-img-center\">\n\n                    <img decoding=\"async\" width=\"1000\" height=\"1000\" src=\"https:\/\/mustafaceliktas.com\/wp-content\/uploads\/2025\/03\/Adsiz-tasarim-8-min.jpg\" class=\"attachment-full size-full wp-image-6207\" alt=\"\" srcset=\"https:\/\/mustafaceliktas.com\/wp-content\/uploads\/2025\/03\/Adsiz-tasarim-8-min.jpg 1000w, https:\/\/mustafaceliktas.com\/wp-content\/uploads\/2025\/03\/Adsiz-tasarim-8-min-300x300.jpg 300w, https:\/\/mustafaceliktas.com\/wp-content\/uploads\/2025\/03\/Adsiz-tasarim-8-min-150x150.jpg 150w, https:\/\/mustafaceliktas.com\/wp-content\/uploads\/2025\/03\/Adsiz-tasarim-8-min-768x768.jpg 768w\" sizes=\"(max-width: 1000px) 100vw, 1000px\" \/>\n                <\/div>\n                <\/a>\n                <div class=\"elementskit-box-body ekit-image-box-body\">\n                    <div class=\"elementskit-box-content ekit-image-box-body-inner\">\n                                                <h3 class=\"elementskit-info-box-title\">\n\n                        \n                            <i aria-hidden=\"true\" class=\"icon icon-medicine-1\"><\/i>\n                        Scoliosis Treatment\n                        \n                    <\/h3>\n                                                        <\/div>\n\n                            <\/div>\n            <\/div>\n    <\/div>\t\t\t\t<\/div>\n\t\t\t\t<\/div>\n\t\t\t\t<div class=\"elementor-element elementor-element-6f05e23b elementor-widget__width-initial elementor-widget-mobile__width-inherit elementor-widget elementor-widget-elementskit-image-box\" data-id=\"6f05e23b\" data-element_type=\"widget\" data-widget_type=\"elementskit-image-box.default\">\n\t\t\t\t<div class=\"elementor-widget-container\">\n\t\t\t\t\t<div class=\"ekit-wid-con\" >\n            <div class=\"elementskit-info-image-box ekit-image-box text-center floating-style\" >\n\n                <a href=\"https:\/\/mustafaceliktas.com\/en\/treatments\/kyphosis-hunchback-treatment\/\">\n                <div class=\"elementskit-box-header image-box-img-center\">\n\n                    <img decoding=\"async\" width=\"500\" height=\"500\" src=\"https:\/\/mustafaceliktas.com\/wp-content\/uploads\/2025\/03\/Adsiz-tasarim-9.jpg\" class=\"attachment-full size-full wp-image-6208\" alt=\"\" srcset=\"https:\/\/mustafaceliktas.com\/wp-content\/uploads\/2025\/03\/Adsiz-tasarim-9.jpg 500w, https:\/\/mustafaceliktas.com\/wp-content\/uploads\/2025\/03\/Adsiz-tasarim-9-300x300.jpg 300w, https:\/\/mustafaceliktas.com\/wp-content\/uploads\/2025\/03\/Adsiz-tasarim-9-150x150.jpg 150w\" sizes=\"(max-width: 500px) 100vw, 500px\" \/>\n                <\/div>\n                <\/a>\n                <div class=\"elementskit-box-body ekit-image-box-body\">\n                    <div class=\"elementskit-box-content ekit-image-box-body-inner\">\n                                                <h3 class=\"elementskit-info-box-title\">\n\n                        \n                            <i aria-hidden=\"true\" class=\"icon icon-medicine-1\"><\/i>\n                        Kyphosis (Hunchback) Treatment\n                        \n                    <\/h3>\n                                                        <\/div>\n\n                            <\/div>\n            <\/div>\n    <\/div>\t\t\t\t<\/div>\n\t\t\t\t<\/div>\n\t\t\t\t<div class=\"elementor-element elementor-element-1af50136 elementor-widget__width-initial elementor-widget-mobile__width-inherit elementor-widget elementor-widget-elementskit-image-box\" data-id=\"1af50136\" data-element_type=\"widget\" data-widget_type=\"elementskit-image-box.default\">\n\t\t\t\t<div class=\"elementor-widget-container\">\n\t\t\t\t\t<div class=\"ekit-wid-con\" >\n            <div class=\"elementskit-info-image-box ekit-image-box text-center floating-style\" >\n\n                <a href=\"https:\/\/mustafaceliktas.com\/en\/treatments\/narrow-spinal-canal-stenosis-treatment\/\">\n                <div class=\"elementskit-box-header image-box-img-center\">\n\n                    <img loading=\"lazy\" decoding=\"async\" width=\"1000\" height=\"1000\" src=\"https:\/\/mustafaceliktas.com\/wp-content\/uploads\/2025\/03\/Adsiz-tasarim-10-min.jpg\" class=\"attachment-full size-full wp-image-6209\" alt=\"\" srcset=\"https:\/\/mustafaceliktas.com\/wp-content\/uploads\/2025\/03\/Adsiz-tasarim-10-min.jpg 1000w, https:\/\/mustafaceliktas.com\/wp-content\/uploads\/2025\/03\/Adsiz-tasarim-10-min-300x300.jpg 300w, https:\/\/mustafaceliktas.com\/wp-content\/uploads\/2025\/03\/Adsiz-tasarim-10-min-150x150.jpg 150w, https:\/\/mustafaceliktas.com\/wp-content\/uploads\/2025\/03\/Adsiz-tasarim-10-min-768x768.jpg 768w\" sizes=\"(max-width: 1000px) 100vw, 1000px\" \/>\n                <\/div>\n                <\/a>\n                <div class=\"elementskit-box-body ekit-image-box-body\">\n                    <div class=\"elementskit-box-content ekit-image-box-body-inner\">\n                                                <h3 class=\"elementskit-info-box-title\">\n\n                        \n                            <i aria-hidden=\"true\" class=\"icon icon-medicine-1\"><\/i>\n                        Treating Spinal Stenosis\n                        \n                    <\/h3>\n                                                        <\/div>\n\n                            <\/div>\n            <\/div>\n    <\/div>\t\t\t\t<\/div>\n\t\t\t\t<\/div>\n\t\t\t\t<div class=\"elementor-element elementor-element-352ad6ad elementor-widget__width-initial elementor-widget-mobile__width-inherit elementor-widget elementor-widget-elementskit-image-box\" data-id=\"352ad6ad\" data-element_type=\"widget\" data-widget_type=\"elementskit-image-box.default\">\n\t\t\t\t<div class=\"elementor-widget-container\">\n\t\t\t\t\t<div class=\"ekit-wid-con\" >\n            <div class=\"elementskit-info-image-box ekit-image-box text-center floating-style\" >\n\n                <a href=\"https:\/\/mustafaceliktas.com\/en\/treatments\/height-shortness-and-height-extension-surgery\/\">\n                <div class=\"elementskit-box-header image-box-img-center\">\n\n                    <img loading=\"lazy\" decoding=\"async\" width=\"500\" height=\"500\" src=\"https:\/\/mustafaceliktas.com\/wp-content\/uploads\/2025\/03\/Adsiz-tasarim-11.jpg\" class=\"attachment-full size-full wp-image-6210\" alt=\"\" srcset=\"https:\/\/mustafaceliktas.com\/wp-content\/uploads\/2025\/03\/Adsiz-tasarim-11.jpg 500w, https:\/\/mustafaceliktas.com\/wp-content\/uploads\/2025\/03\/Adsiz-tasarim-11-300x300.jpg 300w, https:\/\/mustafaceliktas.com\/wp-content\/uploads\/2025\/03\/Adsiz-tasarim-11-150x150.jpg 150w\" sizes=\"(max-width: 500px) 100vw, 500px\" \/>\n                <\/div>\n                <\/a>\n                <div class=\"elementskit-box-body ekit-image-box-body\">\n                    <div class=\"elementskit-box-content ekit-image-box-body-inner\">\n                                                <h3 class=\"elementskit-info-box-title\">\n\n                        \n                            <i aria-hidden=\"true\" class=\"icon icon-medicine-1\"><\/i>\n                        Short Stature and Height Increase Surgery\n                        \n                    <\/h3>\n                                                        <\/div>\n\n                            <\/div>\n            <\/div>\n    <\/div>\t\t\t\t<\/div>\n\t\t\t\t<\/div>\n\t\t\t\t<\/div>\n\t\t<div class=\"elementor-element elementor-element-6b482580 e-con-full e-flex e-con e-child\" data-id=\"6b482580\" data-element_type=\"container\">\n\t\t\t\t<div class=\"elementor-element elementor-element-37104a7d elementor-widget__width-initial elementor-widget-mobile__width-inherit elementor-widget elementor-widget-elementskit-image-box\" data-id=\"37104a7d\" data-element_type=\"widget\" data-widget_type=\"elementskit-image-box.default\">\n\t\t\t\t<div class=\"elementor-widget-container\">\n\t\t\t\t\t<div class=\"ekit-wid-con\" >\n            <div class=\"elementskit-info-image-box ekit-image-box text-center floating-style\" >\n\n                <a href=\"https:\/\/mustafaceliktas.com\/en\/treatments\/kol-bacak-kisaligi-tedavisi\/\">\n                <div class=\"elementskit-box-header image-box-img-center\">\n\n                    <img loading=\"lazy\" decoding=\"async\" width=\"500\" height=\"500\" src=\"https:\/\/mustafaceliktas.com\/wp-content\/uploads\/2025\/03\/Adsiz-tasarim-12.jpg\" class=\"attachment-full size-full wp-image-6211\" alt=\"\" srcset=\"https:\/\/mustafaceliktas.com\/wp-content\/uploads\/2025\/03\/Adsiz-tasarim-12.jpg 500w, https:\/\/mustafaceliktas.com\/wp-content\/uploads\/2025\/03\/Adsiz-tasarim-12-300x300.jpg 300w, https:\/\/mustafaceliktas.com\/wp-content\/uploads\/2025\/03\/Adsiz-tasarim-12-150x150.jpg 150w\" sizes=\"(max-width: 500px) 100vw, 500px\" \/>\n                <\/div>\n                <\/a>\n                <div class=\"elementskit-box-body ekit-image-box-body\">\n                    <div class=\"elementskit-box-content ekit-image-box-body-inner\">\n                                                <h3 class=\"elementskit-info-box-title\">\n\n                        \n                            <i aria-hidden=\"true\" class=\"icon icon-medicine-1\"><\/i>\n                        Treatment for Short Legs\n                        \n                    <\/h3>\n                                                        <\/div>\n\n                            <\/div>\n            <\/div>\n    <\/div>\t\t\t\t<\/div>\n\t\t\t\t<\/div>\n\t\t\t\t<div class=\"elementor-element elementor-element-2c0018ba elementor-widget__width-initial elementor-widget-mobile__width-inherit elementor-widget elementor-widget-elementskit-image-box\" data-id=\"2c0018ba\" data-element_type=\"widget\" data-widget_type=\"elementskit-image-box.default\">\n\t\t\t\t<div class=\"elementor-widget-container\">\n\t\t\t\t\t<div class=\"ekit-wid-con\" >\n            <div class=\"elementskit-info-image-box ekit-image-box text-center floating-style\" >\n\n                <a href=\"https:\/\/mustafaceliktas.com\/en\/treatments\/arm-leg-deformities-treatment\/\">\n                <div class=\"elementskit-box-header image-box-img-center\">\n\n                    <img loading=\"lazy\" decoding=\"async\" width=\"500\" height=\"500\" src=\"https:\/\/mustafaceliktas.com\/wp-content\/uploads\/2025\/03\/Adsiz-tasarim-13.jpg\" class=\"attachment-full size-full wp-image-6212\" alt=\"\" srcset=\"https:\/\/mustafaceliktas.com\/wp-content\/uploads\/2025\/03\/Adsiz-tasarim-13.jpg 500w, https:\/\/mustafaceliktas.com\/wp-content\/uploads\/2025\/03\/Adsiz-tasarim-13-300x300.jpg 300w, https:\/\/mustafaceliktas.com\/wp-content\/uploads\/2025\/03\/Adsiz-tasarim-13-150x150.jpg 150w\" sizes=\"(max-width: 500px) 100vw, 500px\" \/>\n                <\/div>\n                <\/a>\n                <div class=\"elementskit-box-body ekit-image-box-body\">\n                    <div class=\"elementskit-box-content ekit-image-box-body-inner\">\n                                                <h3 class=\"elementskit-info-box-title\">\n\n                        \n                            <i aria-hidden=\"true\" class=\"icon icon-medicine-1\"><\/i>\n                        Treatment of Arm and Leg Deformities\n                        \n                    <\/h3>\n                                                        <\/div>\n\n                            <\/div>\n            <\/div>\n    <\/div>\t\t\t\t<\/div>\n\t\t\t\t<\/div>\n\t\t\t\t<div class=\"elementor-element elementor-element-642385c2 elementor-widget__width-initial elementor-widget-mobile__width-inherit elementor-widget elementor-widget-elementskit-image-box\" data-id=\"642385c2\" data-element_type=\"widget\" data-widget_type=\"elementskit-image-box.default\">\n\t\t\t\t<div class=\"elementor-widget-container\">\n\t\t\t\t\t<div class=\"ekit-wid-con\" >\n            <div class=\"elementskit-info-image-box ekit-image-box text-center floating-style\" >\n\n                <a href=\"https:\/\/mustafaceliktas.com\/en\/treatments\/calcification-osteoarthritis-treatment\/\">\n                <div class=\"elementskit-box-header image-box-img-center\">\n\n                    <img loading=\"lazy\" decoding=\"async\" width=\"1000\" height=\"1000\" src=\"https:\/\/mustafaceliktas.com\/wp-content\/uploads\/2025\/03\/Adsiz-tasarim-14-min.jpg\" class=\"attachment-full size-full wp-image-6213\" alt=\"\" srcset=\"https:\/\/mustafaceliktas.com\/wp-content\/uploads\/2025\/03\/Adsiz-tasarim-14-min.jpg 1000w, https:\/\/mustafaceliktas.com\/wp-content\/uploads\/2025\/03\/Adsiz-tasarim-14-min-300x300.jpg 300w, https:\/\/mustafaceliktas.com\/wp-content\/uploads\/2025\/03\/Adsiz-tasarim-14-min-150x150.jpg 150w, https:\/\/mustafaceliktas.com\/wp-content\/uploads\/2025\/03\/Adsiz-tasarim-14-min-768x768.jpg 768w\" sizes=\"(max-width: 1000px) 100vw, 1000px\" \/>\n                <\/div>\n                <\/a>\n                <div class=\"elementskit-box-body ekit-image-box-body\">\n                    <div class=\"elementskit-box-content ekit-image-box-body-inner\">\n                                                <h3 class=\"elementskit-info-box-title\">\n\n                        \n                            <i aria-hidden=\"true\" class=\"icon icon-medicine-1\"><\/i>\n                        Treatment of Osteoarthritis\n                        \n                    <\/h3>\n                                                        <\/div>\n\n                            <\/div>\n            <\/div>\n    <\/div>\t\t\t\t<\/div>\n\t\t\t\t<\/div>\n\t\t\t\t<div class=\"elementor-element elementor-element-9b3899a elementor-widget__width-initial elementor-widget-mobile__width-inherit elementor-widget elementor-widget-elementskit-image-box\" data-id=\"9b3899a\" data-element_type=\"widget\" data-widget_type=\"elementskit-image-box.default\">\n\t\t\t\t<div class=\"elementor-widget-container\">\n\t\t\t\t\t<div class=\"ekit-wid-con\" >\n            <div class=\"elementskit-info-image-box ekit-image-box text-center floating-style\" >\n\n                <a href=\"https:\/\/mustafaceliktas.com\/en\/treatments\/treatment-for-non-union-pseudoarthrosis\/\">\n                <div class=\"elementskit-box-header image-box-img-center\">\n\n                    <img loading=\"lazy\" decoding=\"async\" width=\"500\" height=\"500\" src=\"https:\/\/mustafaceliktas.com\/wp-content\/uploads\/2025\/03\/Adsiz-tasarim-15.jpg\" class=\"attachment-full size-full wp-image-6214\" alt=\"\" srcset=\"https:\/\/mustafaceliktas.com\/wp-content\/uploads\/2025\/03\/Adsiz-tasarim-15.jpg 500w, https:\/\/mustafaceliktas.com\/wp-content\/uploads\/2025\/03\/Adsiz-tasarim-15-300x300.jpg 300w, https:\/\/mustafaceliktas.com\/wp-content\/uploads\/2025\/03\/Adsiz-tasarim-15-150x150.jpg 150w\" sizes=\"(max-width: 500px) 100vw, 500px\" \/>\n                <\/div>\n                <\/a>\n                <div class=\"elementskit-box-body ekit-image-box-body\">\n                    <div class=\"elementskit-box-content ekit-image-box-body-inner\">\n                                                <h3 class=\"elementskit-info-box-title\">\n\n                        \n                            <i aria-hidden=\"true\" class=\"icon icon-medicine-1\"><\/i>\n                        Non-Union Fracture Treatment\n                        \n                    <\/h3>\n                                                        <\/div>\n\n                            <\/div>\n            <\/div>\n    <\/div>\t\t\t\t<\/div>\n\t\t\t\t<\/div>\n\t\t\t\t<\/div>\n\t\t\t\t\t<\/div>\n\t\t\t\t<\/div>\n\t\t\t\t<\/div>","protected":false},"excerpt":{"rendered":"<p>Prof. Dr. Mustafa \u00c7elikta\u015f Ortopedi ve Travmatoloji Uzman\u0131 Prof. Dr. \u00c7elikta\u015f, Adana\u2019da do\u011fdu. \u0130lkokul ve ortaokul e\u011fitimini tamamlad\u0131ktan sonra Sabanc\u0131 Tekstil Meslek Lisesi\u2019nden mezun oldu. Ard\u0131ndan \u00c7ukurova \u00dcniversitesi T\u0131p Fak\u00fcltesi\u2019ni bitirdi ve ayn\u0131 \u00fcniversitenin Ortopedi ve Travmatoloji Anabilim Dal\u0131\u2019nda uzmanl\u0131k e\u011fitimini tamamlad\u0131. Mecburi hizmetini Diyarbak\u0131r\u2019da yapt\u0131. 2010 y\u0131l\u0131ndan itibaren \u00d6zel Ortopedia Hastanesi\u2019nde \u00e7al\u0131\u015fmaya ba\u015flad\u0131. Bu [&hellip;]<\/p>","protected":false},"author":1,"featured_media":0,"parent":0,"menu_order":5,"comment_status":"closed","ping_status":"closed","template":"template\/template-page.php","meta":{"footnotes":""},"class_list":["post-1155","page","type-page","status-publish","hentry"],"_links":{"self":[{"href":"https:\/\/mustafaceliktas.com\/en\/wp-json\/wp\/v2\/pages\/1155","targetHints":{"allow":["GET"]}}],"collection":[{"href":"https:\/\/mustafaceliktas.com\/en\/wp-json\/wp\/v2\/pages"}],"about":[{"href":"https:\/\/mustafaceliktas.com\/en\/wp-json\/wp\/v2\/types\/page"}],"author":[{"embeddable":true,"href":"https:\/\/mustafaceliktas.com\/en\/wp-json\/wp\/v2\/users\/1"}],"replies":[{"embeddable":true,"href":"https:\/\/mustafaceliktas.com\/en\/wp-json\/wp\/v2\/comments?post=1155"}],"version-history":[{"count":3,"href":"https:\/\/mustafaceliktas.com\/en\/wp-json\/wp\/v2\/pages\/1155\/revisions"}],"predecessor-version":[{"id":6491,"href":"https:\/\/mustafaceliktas.com\/en\/wp-json\/wp\/v2\/pages\/1155\/revisions\/6491"}],"wp:attachment":[{"href":"https:\/\/mustafaceliktas.com\/en\/wp-json\/wp\/v2\/media?parent=1155"}],"curies":[{"name":"wp","href":"https:\/\/api.w.org\/{rel}","templated":true}]}}